{"id":362,"date":"2026-04-15T16:25:22","date_gmt":"2026-04-15T16:25:22","guid":{"rendered":"https:\/\/haadiproject.site\/project18\/?page_id=362"},"modified":"2026-04-17T16:26:12","modified_gmt":"2026-04-17T16:26:12","slug":"kosten","status":"publish","type":"page","link":"https:\/\/haadiproject.site\/project18\/kosten\/","title":{"rendered":"Kosten"},"content":{"rendered":"\t\t<div data-elementor-type=\"wp-page\" data-elementor-id=\"362\" class=\"elementor elementor-362\" data-elementor-post-type=\"page\">\n\t\t\t\t<div class=\"elementor-element elementor-element-068607f e-flex e-con-boxed e-con e-parent\" data-id=\"068607f\" data-element_type=\"container\" data-e-type=\"container\">\n\t\t\t\t\t<div class=\"e-con-inner\">\n\t\t\t\t<div class=\"elementor-element elementor-element-c4d6995 elementor-widget elementor-widget-spacer\" data-id=\"c4d6995\" data-element_type=\"widget\" data-e-type=\"widget\" data-widget_type=\"spacer.default\">\n\t\t\t\t\t\t\t<div class=\"elementor-spacer\">\n\t\t\t<div class=\"elementor-spacer-inner\"><\/div>\n\t\t<\/div>\n\t\t\t\t\t\t<\/div>\n\t\t\t\t\t<\/div>\n\t\t\t\t<\/div>\n\t\t<div class=\"elementor-element elementor-element-43fd7f8 e-flex e-con-boxed e-con e-parent\" data-id=\"43fd7f8\" data-element_type=\"container\" data-e-type=\"container\">\n\t\t\t\t\t<div class=\"e-con-inner\">\n\t\t<div class=\"elementor-element elementor-element-fbfd4e0 e-con-full e-flex e-con e-child\" data-id=\"fbfd4e0\" data-element_type=\"container\" data-e-type=\"container\">\n\t\t\t\t<div class=\"elementor-element elementor-element-4ad0ece elementor-widget elementor-widget-heading\" data-id=\"4ad0ece\" data-element_type=\"widget\" data-e-type=\"widget\" data-widget_type=\"heading.default\">\n\t\t\t\t\t<h2 class=\"elementor-heading-title elementor-size-default\">Kosten<\/h2>\t\t\t\t<\/div>\n\t\t\t\t<div class=\"elementor-element elementor-element-1df7141 elementor-widget elementor-widget-text-editor\" data-id=\"1df7141\" data-element_type=\"widget\" data-e-type=\"widget\" data-widget_type=\"text-editor.default\">\n\t\t\t\t\t\t\t\t\tDie Kosten Ihres Medizinstudiums in Bulgarien lassen sich in drei Bereiche aufteilen: \t\t\t\t\t\t\t\t<\/div>\n\t\t\t\t<div class=\"elementor-element elementor-element-d54004e elementor-widget elementor-widget-heading\" data-id=\"d54004e\" data-element_type=\"widget\" data-e-type=\"widget\" data-widget_type=\"heading.default\">\n\t\t\t\t\t<h2 class=\"elementor-heading-title elementor-size-default\">1. Studiengeb\u00fchren<\/h2>\t\t\t\t<\/div>\n\t\t\t\t<div class=\"elementor-element elementor-element-169ed87 elementor-widget elementor-widget-text-editor\" data-id=\"169ed87\" data-element_type=\"widget\" data-e-type=\"widget\" data-widget_type=\"text-editor.default\">\n\t\t\t\t\t\t\t\t\tDas Studium in Bulgarien ist nicht kostenlos. F\u00fcr das Wintersemester 2025\/26 belaufen sich die Studiengeb\u00fchren sowohl in Varna und Plovdiv auf \u20ac 4000,-, in Sofia auf \u20ac 4500,- je Semester (bzw. \u20ac 8000,- respektive \u20ac 9000,- je Studienjahr). An der Medizinischen Universit\u00e4t Pleven ist es mit \u20ac 4250,- je Semester (bzw. \u20ac 8500,- je Studienjahr) etwas g\u00fcnstiger. Teilweise gibt es f\u00fcr das erste Studienjahr etwas h\u00f6here S\u00e4tze. Hinzu kommen noch Geb\u00fchren f\u00fcr die Einschreibung und anfallende Tests. Verglichen mit der Situation in anderen europ\u00e4ischen Staaten, in denen Studiengeb\u00fchren zu zahlen sind, sind die Geb\u00fchren f\u00fcr ein Medizinstudium in Bulgarien deutlich g\u00fcnstiger. \u00dcber die Geb\u00fchrens\u00e4tze entscheiden die medizinischen Universit\u00e4ten autonom. \t\t\t\t\t\t\t\t<\/div>\n\t\t\t\t<div class=\"elementor-element elementor-element-50b6147 elementor-widget elementor-widget-heading\" data-id=\"50b6147\" data-element_type=\"widget\" data-e-type=\"widget\" data-widget_type=\"heading.default\">\n\t\t\t\t\t<h2 class=\"elementor-heading-title elementor-size-default\">2. Vermittlungsgeb\u00fchr<\/h2>\t\t\t\t<\/div>\n\t\t\t\t<div class=\"elementor-element elementor-element-54c1591 elementor-widget elementor-widget-text-editor\" data-id=\"54c1591\" data-element_type=\"widget\" data-e-type=\"widget\" data-widget_type=\"text-editor.default\">\n\t\t\t\t\t\t\t\t\t<p>F\u00fcr die Dienstleistungen, die durch\u00a0<strong><span style=\"color: #0e416b;\">STUD<\/span>2MED\u00a0<\/strong>erbracht werden, fallen\u00a0einmalig\u00a0Kosten in H\u00f6he von \u20ac 8000,- (inklusive Mehrwertsteuer) an.<\/p><p>Wir lassen unsere Kostenvorteile (Standort Bulgarien, keine Marketingaktionen in Deutschland) direkt in die Geb\u00fchrenstruktur einflie\u00dfen und sind damit g\u00fcnstiger als andere Vermittlungsagenturen \u2013 und das bei einem umfangreichen\u00a0<a href=\"https:\/\/www.medigate.eu\/unsere-leistungen\/\">Leistungsangebot<\/a>. Unser Fokus ist klar auf Bulgarien ausgerichtet, und der B\u00fcrostandort Sofia garantiert eine st\u00e4ndige Erreichbarkeit. Vergleichen Sie uns mit anderen Agenturen!<\/p><div id=\"A6629F3E_026A_59BE_6750_E741035C9E6E\">\u00a0<\/div>\t\t\t\t\t\t\t\t<\/div>\n\t\t\t\t<div class=\"elementor-element elementor-element-3e18a2d elementor-widget elementor-widget-heading\" data-id=\"3e18a2d\" data-element_type=\"widget\" data-e-type=\"widget\" data-widget_type=\"heading.default\">\n\t\t\t\t\t<h2 class=\"elementor-heading-title elementor-size-default\">3. Lebenshaltungskosten<\/h2>\t\t\t\t<\/div>\n\t\t\t\t<div class=\"elementor-element elementor-element-7442f6f elementor-widget elementor-widget-text-editor\" data-id=\"7442f6f\" data-element_type=\"widget\" data-e-type=\"widget\" data-widget_type=\"text-editor.default\">\n\t\t\t\t\t\t\t\t\t<ul>\n \t<li>Wohnen: F\u00fcr ein Zimmer in einem Studentenwohnheim sind ca. \u20ac 160 \u2013 \u20ac 240 pro Monat zu berechnen. WG-Zimmer kosten je nach Standard etwas mehr, f\u00fcr kleine Apartments mit modernen M\u00f6beln in Universit\u00e4tsn\u00e4he k\u00f6nnen Sie von einer Miete von \u20ac 300 bis \u20ac 600,- ausgehen, luxuri\u00f6se Wohnungen in Anlagen mit Pool und weiteren Annehmlichkeiten sind selbstverst\u00e4ndlich teurer, aber f\u00fcr westeurop\u00e4ische Standards immer noch sehr preiswert. Alle Preise inklusive Nebenkosten.<\/li>\n \t<li>An Kosten f\u00fcr Essen und Trinken k\u00f6nnen Sie, insbesondere bei Nutzung der preisg\u00fcnstigen universit\u00e4tseigenen Mensen, mit weiteren \u20ac 350,- im Monat rechnen.<\/li>\n \t<li>F\u00fcr sonstige Kosten (z.B. lokales Handy, Internet, Waschen, Reinigung, K\u00f6rperpflege, Restaurants, Transport, Hobbys) sollten Sie noch einmal mindestens \u20ac 150,- einkalkulieren.<\/li>\n \t<li>Das Preisniveau in Sofia ist tendenziell etwas h\u00f6her als in den anderen bulgarischen St\u00e4dten, g\u00fcnstige Unist\u00e4dte sind Pleven und Plovdiv, Varna bewegt sich im Mittelfeld.<\/li>\n<\/ul>\nSomit kann man hier von insgesamt\u00a0<strong>\u20ac 800,- bis 1200,- an Kosten f\u00fcr die Lebenshaltung in Bulgarien<\/strong>\u00a0ausgehen, wenn man auf gr\u00f6\u00dferen Luxus verzichtet. Das\u00a0<strong>Leben ist Bulgarien<\/strong>\u00a0ist allemal\u00a0<strong>deutlich g\u00fcnstiger als in Deutschland<\/strong>.\n<div id=\"A6629F3E_026A_59BE_6750_E741035C9E6E\"><\/div>\t\t\t\t\t\t\t\t<\/div>\n\t\t\t\t<\/div>\n\t\t<div class=\"elementor-element elementor-element-bf4e544 e-con-full e-flex e-con e-child\" data-id=\"bf4e544\" data-element_type=\"container\" data-e-type=\"container\">\n\t\t<div class=\"elementor-element elementor-element-69f009a e-con-full e-flex e-con e-child\" data-id=\"69f009a\" data-element_type=\"container\" data-e-type=\"container\">\n\t\t\t\t<div class=\"elementor-element elementor-element-ce24348 elementor-widget elementor-widget-heading\" data-id=\"ce24348\" data-element_type=\"widget\" data-e-type=\"widget\" data-widget_type=\"heading.default\">\n\t\t\t\t\t<h2 class=\"elementor-heading-title elementor-size-default\">Medizinstudium in Bulgarien<\/h2>\t\t\t\t<\/div>\n\t\t\t\t<div class=\"elementor-element elementor-element-da3ea6c elementor-widget elementor-widget-text-editor\" data-id=\"da3ea6c\" data-element_type=\"widget\" data-e-type=\"widget\" data-widget_type=\"text-editor.default\">\n\t\t\t\t\t\t\t\t\t<p><strong><span style=\"color: #0e416b;\">STUD<\/span>2MED<\/strong> ist Ihr kompetenter Partner, wenn Sie sich f\u00fcr ein englischsprachiges Medizinstudium in Bulgarien interessieren. Der schnelle Weg in die spannende Welt der Medizin &#8211; und das ganz ohne NC oder Wartesemester. Wir beraten, managen den gesamten Bewerbungsablauf und unterst\u00fctzen Sie w\u00e4hrend Ihres Studiums &#8211; bis hin zum gew\u00fcnschten Abschluss oder Uniwechsel (Seiteneinstieg). Wir arbeiten seri\u00f6s, transparent und fair &#8211; und verf\u00fcgen \u00fcber die Bulgarien-Kompetenz, die nur eine ortsans\u00e4ssige Agentur vorweisen kann.<\/p>\t\t\t\t\t\t\t\t<\/div>\n\t\t\t\t<\/div>\n\t\t<div class=\"elementor-element elementor-element-d849672 e-con-full e-flex e-con e-child\" data-id=\"d849672\" data-element_type=\"container\" data-e-type=\"container\" data-settings=\"{&quot;background_background&quot;:&quot;classic&quot;}\">\n\t\t\t\t<div class=\"elementor-element elementor-element-aa45145 elementor-widget elementor-widget-text-editor\" data-id=\"aa45145\" data-element_type=\"widget\" data-e-type=\"widget\" data-widget_type=\"text-editor.default\">\n\t\t\t\t\t\t\t\t\t<p>Das Medizinstudium in Bulgarien verspricht hochwertige Lehre in englischer Sprache mit einen international anerkannten Abschluss. Die gute Verkehrsanbindung an Deutschland und \u00d6sterreich sind weitere Punkte. Und in keinem anderen osteurop\u00e4ischen EU-Land ist sind die Studiengeb\u00fchren und die Kosten f\u00fcr das t\u00e4gliche Leben vergleichbar g\u00fcnstig.<\/p>\t\t\t\t\t\t\t\t<\/div>\n\t\t\t\t<\/div>\n\t\t\t\t<\/div>\n\t\t\t\t\t<\/div>\n\t\t\t\t<\/div>\n\t\t\t\t<\/div>\n\t\t","protected":false},"excerpt":{"rendered":"<p>Kosten Die Kosten Ihres Medizinstudiums in Bulgarien lassen sich in drei Bereiche aufteilen: 1. Studiengeb\u00fchren Das Studium in Bulgarien ist nicht kostenlos. F\u00fcr das Wintersemester 2025\/26 belaufen sich die Studiengeb\u00fchren sowohl in Varna und Plovdiv auf \u20ac 4000,-, in Sofia auf \u20ac 4500,- je Semester (bzw. \u20ac 8000,- respektive \u20ac 9000,- je Studienjahr). An der [&hellip;]<\/p>\n","protected":false},"author":1,"featured_media":0,"parent":0,"menu_order":0,"comment_status":"closed","ping_status":"closed","template":"elementor_header_footer","meta":{"footnotes":""},"class_list":["post-362","page","type-page","status-publish","hentry"],"_links":{"self":[{"href":"https:\/\/haadiproject.site\/project18\/wp-json\/wp\/v2\/pages\/362","targetHints":{"allow":["GET"]}}],"collection":[{"href":"https:\/\/haadiproject.site\/project18\/wp-json\/wp\/v2\/pages"}],"about":[{"href":"https:\/\/haadiproject.site\/project18\/wp-json\/wp\/v2\/types\/page"}],"author":[{"embeddable":true,"href":"https:\/\/haadiproject.site\/project18\/wp-json\/wp\/v2\/users\/1"}],"replies":[{"embeddable":true,"href":"https:\/\/haadiproject.site\/project18\/wp-json\/wp\/v2\/comments?post=362"}],"version-history":[{"count":16,"href":"https:\/\/haadiproject.site\/project18\/wp-json\/wp\/v2\/pages\/362\/revisions"}],"predecessor-version":[{"id":485,"href":"https:\/\/haadiproject.site\/project18\/wp-json\/wp\/v2\/pages\/362\/revisions\/485"}],"wp:attachment":[{"href":"https:\/\/haadiproject.site\/project18\/wp-json\/wp\/v2\/media?parent=362"}],"curies":[{"name":"wp","href":"https:\/\/api.w.org\/{rel}","templated":true}]}}