{"id":357,"date":"2026-04-15T16:17:11","date_gmt":"2026-04-15T16:17:11","guid":{"rendered":"https:\/\/haadiproject.site\/project18\/?page_id=357"},"modified":"2026-04-17T16:46:14","modified_gmt":"2026-04-17T16:46:14","slug":"unsere-leistungen","status":"publish","type":"page","link":"https:\/\/haadiproject.site\/project18\/unsere-leistungen\/","title":{"rendered":"Unsere Leistungen"},"content":{"rendered":"\t\t<div data-elementor-type=\"wp-page\" data-elementor-id=\"357\" class=\"elementor elementor-357\" data-elementor-post-type=\"page\">\n\t\t\t\t<div class=\"elementor-element elementor-element-e0001ab e-flex e-con-boxed e-con e-parent\" data-id=\"e0001ab\" data-element_type=\"container\" data-e-type=\"container\">\n\t\t\t\t\t<div class=\"e-con-inner\">\n\t\t\t\t<div class=\"elementor-element elementor-element-59a1c17 elementor-widget elementor-widget-spacer\" data-id=\"59a1c17\" data-element_type=\"widget\" data-e-type=\"widget\" data-widget_type=\"spacer.default\">\n\t\t\t\t\t\t\t<div class=\"elementor-spacer\">\n\t\t\t<div class=\"elementor-spacer-inner\"><\/div>\n\t\t<\/div>\n\t\t\t\t\t\t<\/div>\n\t\t\t\t\t<\/div>\n\t\t\t\t<\/div>\n\t\t<div class=\"elementor-element elementor-element-c786757 e-flex e-con-boxed e-con e-parent\" data-id=\"c786757\" data-element_type=\"container\" data-e-type=\"container\">\n\t\t\t\t\t<div class=\"e-con-inner\">\n\t\t<div class=\"elementor-element elementor-element-d1cfeb2 e-con-full e-flex e-con e-child\" data-id=\"d1cfeb2\" data-element_type=\"container\" data-e-type=\"container\">\n\t\t\t\t<div class=\"elementor-element elementor-element-1a5ed42 elementor-widget elementor-widget-heading\" data-id=\"1a5ed42\" data-element_type=\"widget\" data-e-type=\"widget\" data-widget_type=\"heading.default\">\n\t\t\t\t\t<h2 class=\"elementor-heading-title elementor-size-default\">Auswahlverfahren und Auswahlkriterien f\u00fcr h\u00f6here Fachsemester im Studiengang Medizin<\/h2>\t\t\t\t<\/div>\n\t\t\t\t<div class=\"elementor-element elementor-element-869b048 elementor-widget elementor-widget-text-editor\" data-id=\"869b048\" data-element_type=\"widget\" data-e-type=\"widget\" data-widget_type=\"text-editor.default\">\n\t\t\t\t\t\t\t\t\tWer einige Semester Medizin im Ausland studiert hat und dann zur\u00fcck nach Deutschland wechseln m\u00f6chte (also den sogenannten \u201cQuereinstieg\u201d macht), muss sich mit dem Auswahlverfahren und den Auswahlkriterien seiner Zieluniversit\u00e4t vertraut machen. Diese sind in Deutschland nicht einheitlich geregelt, jede medizinische Universit\u00e4t kann hier relativ frei Kriterien entwickeln, nach denen freie bzw. frei werdende Pl\u00e4tze besetzt werden. \t\t\t\t\t\t\t\t<\/div>\n\t\t\t\t<div class=\"elementor-element elementor-element-eed63fb elementor-widget elementor-widget-heading\" data-id=\"eed63fb\" data-element_type=\"widget\" data-e-type=\"widget\" data-widget_type=\"heading.default\">\n\t\t\t\t\t<h2 class=\"elementor-heading-title elementor-size-default\">Quereinstieg Medizin an der Uni Hamburg<\/h2>\t\t\t\t<\/div>\n\t\t\t\t<div class=\"elementor-element elementor-element-2166967 elementor-widget elementor-widget-text-editor\" data-id=\"2166967\" data-element_type=\"widget\" data-e-type=\"widget\" data-widget_type=\"text-editor.default\">\n\t\t\t\t\t\t\t\t\tEin Beispiel: Die Universit\u00e4t Hamburg hat die Vergabe in einer eigenen Satzung geregelt. Die Vergabe der f\u00fcr ein h\u00f6heres Fachsemester zur Verf\u00fcgung stehenden Studienpl\u00e4tze erfolgt \u00fcber eine Rangliste, in welche die Durchschnittsnote der Hochschulzugangsberechtigung und die im bisherigen Studium erbrachten Leistungen eingehen. Am einfachsten zu berechnen ist dies, wenn eine Abschlusspr\u00fcfung des 1. Abschnitts der \u00e4rztlichen Pr\u00fcfung vorliegt (ansonsten muss ein Durchschnitt im jeweiligen Fachsemester errechnet werden).\t\t\t\t\t\t\t\t<\/div>\n\t\t\t\t<div class=\"elementor-element elementor-element-6108686 elementor-widget elementor-widget-text-editor\" data-id=\"6108686\" data-element_type=\"widget\" data-e-type=\"widget\" data-widget_type=\"text-editor.default\">\n\t\t\t\t\t\t\t\t\tDa eine solche Abschlusspr\u00fcfung bei einem Wechsel von einer bulgarischen oder anderen ausl\u00e4ndischen Universit\u00e4t nach Deutschland meist nicht vorliegt, muss ersatzweise aus nachgewiesenen bewerteten Einzelleistungen eine Ersatznote zu bilden. Fehlende Leistungsnachweise werden als \u201causreichend\u201d bewertet und gehen mit in die Berechnung ein. \t\t\t\t\t\t\t\t<\/div>\n\t\t\t\t<div class=\"elementor-element elementor-element-688e4ab elementor-widget elementor-widget-text-editor\" data-id=\"688e4ab\" data-element_type=\"widget\" data-e-type=\"widget\" data-widget_type=\"text-editor.default\">\n\t\t\t\t\t\t\t\t\tAnschlie\u00dfend wird eine Rangliste gebildet, in die auch die Abiturnote mit eingeht: Um die Rangliste zu erstellen, wird die Note der Hochschulzugangsberechtigung mit dem Faktor 3 multipliziert, die Note der Abschlusspr\u00fcfung des 1. Abschnitts der \u00e4rztlichen Pr\u00fcfung oder die aus den Einzelleistungen gebildete Gesamt-\/Ersatznote mit dem Faktor 7. Die Summe dieser beiden Werte bestimmt den Rangplatz. Je kleiner sie ist, desto besser ist der Platz in der Rangliste.\t\t\t\t\t\t\t\t<\/div>\n\t\t\t\t<div class=\"elementor-element elementor-element-841f17c elementor-widget elementor-widget-heading\" data-id=\"841f17c\" data-element_type=\"widget\" data-e-type=\"widget\" data-widget_type=\"heading.default\">\n\t\t\t\t\t<h2 class=\"elementor-heading-title elementor-size-default\">Abiturnote (kann) auch hier wichtig sein<\/h2>\t\t\t\t<\/div>\n\t\t\t\t<div class=\"elementor-element elementor-element-3abd912 elementor-widget elementor-widget-text-editor\" data-id=\"3abd912\" data-element_type=\"widget\" data-e-type=\"widget\" data-widget_type=\"text-editor.default\">\n\t\t\t\t\t\t\t\t\tDas Abiturzeugnis spielt also in Hamburg eine gro\u00dfe Rolle \u2013 wer mit einer sehr schlechten Abinote ins Ausland gewechselt ist und nun an eine deutsche Uni wechseln m\u00f6chte, sollte dies ber\u00fccksichtigen. Manche Universit\u00e4ten, insbesondere solche, die nicht in Gro\u00dfst\u00e4dten angesiedelt sind, ber\u00fccksichtigen hingegen nur die im Medizinstudium erbrachten Leistungen \u2013 und w\u00e4ren daher f\u00fcr Bewerber mit schwachen Abinoten die bessere Wahl. Teilweise finden sogar Losverfahren Anwendung. Grunds\u00e4tzlich ist es sinnvoll, bei der Uniwahl flexibel zu sein und den Quereinstieg gleichzeitig bei mehreren Unis zu versuchen. \t\t\t\t\t\t\t\t<\/div>\n\t\t\t\t<div class=\"elementor-element elementor-element-930edcf elementor-widget elementor-widget-text-editor\" data-id=\"930edcf\" data-element_type=\"widget\" data-e-type=\"widget\" data-widget_type=\"text-editor.default\">\n\t\t\t\t\t\t\t\t\tBitte verwechseln Sie diesen Quereinstieg nicht mit der Studienplatzklage! Mit dieser wird versucht, der Zieluniversit\u00e4t eine fehlerhafte Vergabe von Studienpl\u00e4tzen (unabh\u00e4ngig vom Semester) nachzuweisen und so einen Studienplatz zu bekommen. \t\t\t\t\t\t\t\t<\/div>\n\t\t\t\t<div class=\"elementor-element elementor-element-f408c4c elementor-widget elementor-widget-text-editor\" data-id=\"f408c4c\" data-element_type=\"widget\" data-e-type=\"widget\" data-widget_type=\"text-editor.default\">\n\t\t\t\t\t\t\t\t\t<strong><span style=\"color: #0e416b;\">STUD<\/span>2MED<\/strong>\u00a0ber\u00e4t Sie auch hier fachkundig, seri\u00f6s und professionell, damit der Quereinstieg mit einer hohen Wahrscheinlichkeit und geringen Reibungsverlusten gelingt. Denn nat\u00fcrlich gilt auch hier: Je mehr Bewerber es f\u00fcr freiwerdende Studienpl\u00e4tze gibt, desto h\u00f6her werden die Anforderungen. Eine Garantie gibt es also nicht!\n<div id=\"A6629F3E_026A_59BE_6750_E741035C9E6E\"><\/div>\t\t\t\t\t\t\t\t<\/div>\n\t\t\t\t<\/div>\n\t\t<div class=\"elementor-element elementor-element-eb45c09 e-con-full e-flex e-con e-child\" data-id=\"eb45c09\" data-element_type=\"container\" data-e-type=\"container\">\n\t\t<div class=\"elementor-element elementor-element-9664a28 e-con-full e-flex e-con e-child\" data-id=\"9664a28\" data-element_type=\"container\" data-e-type=\"container\">\n\t\t\t\t<div class=\"elementor-element elementor-element-a005bdc elementor-widget elementor-widget-heading\" data-id=\"a005bdc\" data-element_type=\"widget\" data-e-type=\"widget\" data-widget_type=\"heading.default\">\n\t\t\t\t\t<h2 class=\"elementor-heading-title elementor-size-default\">Medizinstudium in Bulgarien<\/h2>\t\t\t\t<\/div>\n\t\t\t\t<div class=\"elementor-element elementor-element-23402bc elementor-widget elementor-widget-text-editor\" data-id=\"23402bc\" data-element_type=\"widget\" data-e-type=\"widget\" data-widget_type=\"text-editor.default\">\n\t\t\t\t\t\t\t\t\t<strong><span style=\"color: #0e416b;\">STUD<\/span>2MED<\/strong> ist Ihr kompetenter Partner, wenn Sie sich f\u00fcr ein englischsprachiges Medizinstudium in Bulgarien interessieren. Der schnelle Weg in die spannende Welt der Medizin &#8211; und das ganz ohne NC oder Wartesemester. Wir beraten, managen den gesamten Bewerbungsablauf und unterst\u00fctzen Sie w\u00e4hrend Ihres Studiums &#8211; bis hin zum gew\u00fcnschten Abschluss oder Uniwechsel (Seiteneinstieg). Wir arbeiten seri\u00f6s, transparent und fair &#8211; und verf\u00fcgen \u00fcber die Bulgarien-Kompetenz, die nur eine ortsans\u00e4ssige Agentur vorweisen kann.\t\t\t\t\t\t\t\t<\/div>\n\t\t\t\t<\/div>\n\t\t\t\t<\/div>\n\t\t\t\t\t<\/div>\n\t\t\t\t<\/div>\n\t\t\t\t<\/div>\n\t\t","protected":false},"excerpt":{"rendered":"<p>Auswahlverfahren und Auswahlkriterien f\u00fcr h\u00f6here Fachsemester im Studiengang Medizin Wer einige Semester Medizin im Ausland studiert hat und dann zur\u00fcck nach Deutschland wechseln m\u00f6chte (also den sogenannten \u201cQuereinstieg\u201d macht), muss sich mit dem Auswahlverfahren und den Auswahlkriterien seiner Zieluniversit\u00e4t vertraut machen. Diese sind in Deutschland nicht einheitlich geregelt, jede medizinische Universit\u00e4t kann hier relativ frei [&hellip;]<\/p>\n","protected":false},"author":1,"featured_media":0,"parent":0,"menu_order":0,"comment_status":"closed","ping_status":"closed","template":"elementor_header_footer","meta":{"footnotes":""},"class_list":["post-357","page","type-page","status-publish","hentry"],"_links":{"self":[{"href":"https:\/\/haadiproject.site\/project18\/wp-json\/wp\/v2\/pages\/357","targetHints":{"allow":["GET"]}}],"collection":[{"href":"https:\/\/haadiproject.site\/project18\/wp-json\/wp\/v2\/pages"}],"about":[{"href":"https:\/\/haadiproject.site\/project18\/wp-json\/wp\/v2\/types\/page"}],"author":[{"embeddable":true,"href":"https:\/\/haadiproject.site\/project18\/wp-json\/wp\/v2\/users\/1"}],"replies":[{"embeddable":true,"href":"https:\/\/haadiproject.site\/project18\/wp-json\/wp\/v2\/comments?post=357"}],"version-history":[{"count":13,"href":"https:\/\/haadiproject.site\/project18\/wp-json\/wp\/v2\/pages\/357\/revisions"}],"predecessor-version":[{"id":520,"href":"https:\/\/haadiproject.site\/project18\/wp-json\/wp\/v2\/pages\/357\/revisions\/520"}],"wp:attachment":[{"href":"https:\/\/haadiproject.site\/project18\/wp-json\/wp\/v2\/media?parent=357"}],"curies":[{"name":"wp","href":"https:\/\/api.w.org\/{rel}","templated":true}]}}