{"id":3,"date":"2026-04-12T22:49:54","date_gmt":"2026-04-12T22:49:54","guid":{"rendered":"http:\/\/haadiproject.site\/project18\/?page_id=3"},"modified":"2026-04-17T16:21:34","modified_gmt":"2026-04-17T16:21:34","slug":"universitaten","status":"publish","type":"page","link":"https:\/\/haadiproject.site\/project18\/universitaten\/","title":{"rendered":"Universit\u00e4ten"},"content":{"rendered":"\t\t<div data-elementor-type=\"wp-page\" data-elementor-id=\"3\" class=\"elementor elementor-3\" data-elementor-post-type=\"page\">\n\t\t\t\t<div class=\"elementor-element elementor-element-1696dbd e-flex e-con-boxed e-con e-parent\" data-id=\"1696dbd\" data-element_type=\"container\" data-e-type=\"container\">\n\t\t\t\t\t<div class=\"e-con-inner\">\n\t\t\t\t<div class=\"elementor-element elementor-element-3dd1c23 elementor-widget elementor-widget-spacer\" data-id=\"3dd1c23\" data-element_type=\"widget\" data-e-type=\"widget\" data-widget_type=\"spacer.default\">\n\t\t\t\t\t\t\t<div class=\"elementor-spacer\">\n\t\t\t<div class=\"elementor-spacer-inner\"><\/div>\n\t\t<\/div>\n\t\t\t\t\t\t<\/div>\n\t\t\t\t\t<\/div>\n\t\t\t\t<\/div>\n\t\t<div class=\"elementor-element elementor-element-ea29e8b e-flex e-con-boxed e-con e-parent\" data-id=\"ea29e8b\" data-element_type=\"container\" data-e-type=\"container\">\n\t\t\t\t\t<div class=\"e-con-inner\">\n\t\t<div class=\"elementor-element elementor-element-6d2a832 e-con-full e-flex e-con e-child\" data-id=\"6d2a832\" data-element_type=\"container\" data-e-type=\"container\">\n\t\t\t\t<div class=\"elementor-element elementor-element-360d845 elementor-widget elementor-widget-image\" data-id=\"360d845\" data-element_type=\"widget\" data-e-type=\"widget\" data-widget_type=\"image.default\">\n\t\t\t\t\t\t\t\t\t\t\t\t\t\t\t<img fetchpriority=\"high\" decoding=\"async\" width=\"700\" height=\"266\" src=\"https:\/\/haadiproject.site\/project18\/wp-content\/uploads\/2026\/04\/Medizinstudenten.webp\" class=\"attachment-full size-full wp-image-145\" alt=\"\" srcset=\"https:\/\/haadiproject.site\/project18\/wp-content\/uploads\/2026\/04\/Medizinstudenten.webp 700w, https:\/\/haadiproject.site\/project18\/wp-content\/uploads\/2026\/04\/Medizinstudenten-300x114.webp 300w\" sizes=\"(max-width: 700px) 100vw, 700px\" \/>\t\t\t\t\t\t\t\t\t\t\t\t\t\t\t<\/div>\n\t\t\t\t<\/div>\n\t\t<div class=\"elementor-element elementor-element-f9811b8 e-con-full e-flex e-con e-child\" data-id=\"f9811b8\" data-element_type=\"container\" data-e-type=\"container\">\n\t\t\t\t<div class=\"elementor-element elementor-element-dba7acf elementor-widget elementor-widget-heading\" data-id=\"dba7acf\" data-element_type=\"widget\" data-e-type=\"widget\" data-widget_type=\"heading.default\">\n\t\t\t\t\t<h2 class=\"elementor-heading-title elementor-size-default\">Medizinstudium in Bulgarien<\/h2>\t\t\t\t<\/div>\n\t\t\t\t<div class=\"elementor-element elementor-element-f0ac7a5 elementor-widget elementor-widget-text-editor\" data-id=\"f0ac7a5\" data-element_type=\"widget\" data-e-type=\"widget\" data-widget_type=\"text-editor.default\">\n\t\t\t\t\t\t\t\t\t<p><strong><span style=\"color: #0e416b;\">STUD<\/span>2MED<\/strong> ist Ihr kompetenter Partner, wenn Sie sich f\u00fcr ein englischsprachiges Medizinstudium in Bulgarien interessieren. Der schnelle Weg in die spannende Welt der Medizin &#8211; und das ganz ohne NC oder Wartesemester. Wir beraten, managen den gesamten Bewerbungsablauf und unterst\u00fctzen Sie w\u00e4hrend Ihres Studiums &#8211; bis hin zum gew\u00fcnschten Abschluss oder Uniwechsel (Seiteneinstieg). Wir arbeiten seri\u00f6s, transparent und fair &#8211; und verf\u00fcgen \u00fcber die Bulgarien-Kompetenz, die nur eine ortsans\u00e4ssige Agentur vorweisen kann.<\/p>\t\t\t\t\t\t\t\t<\/div>\n\t\t\t\t<\/div>\n\t\t\t\t\t<\/div>\n\t\t\t\t<\/div>\n\t\t<div class=\"elementor-element elementor-element-c0c8b98 e-flex e-con-boxed e-con e-parent\" data-id=\"c0c8b98\" data-element_type=\"container\" data-e-type=\"container\">\n\t\t\t\t\t<div class=\"e-con-inner\">\n\t\t<div class=\"elementor-element elementor-element-b45c26c e-con-full e-flex e-con e-child\" data-id=\"b45c26c\" data-element_type=\"container\" data-e-type=\"container\">\n\t\t\t\t<div class=\"elementor-element elementor-element-8d4c6f8 elementor-widget elementor-widget-heading\" data-id=\"8d4c6f8\" data-element_type=\"widget\" data-e-type=\"widget\" data-widget_type=\"heading.default\">\n\t\t\t\t\t<h2 class=\"elementor-heading-title elementor-size-default\">Medizin studieren in Bulgarien<\/h2>\t\t\t\t<\/div>\n\t\t\t\t<div class=\"elementor-element elementor-element-29622d6 elementor-widget elementor-widget-text-editor\" data-id=\"29622d6\" data-element_type=\"widget\" data-e-type=\"widget\" data-widget_type=\"text-editor.default\">\n\t\t\t\t\t\t\t\t\t<p><strong><span style=\"color: #0e416b;\">STUD<\/span>2MED<\/strong> ber\u00e4t Sie fachkundig, seri\u00f6s und professionell zum Auslandsstudium in Bulgarien in folgenden Disziplinen:<\/p>\t\t\t\t\t\t\t\t<\/div>\n\t\t\t\t<div class=\"elementor-element elementor-element-4b4e5fb elementor-widget elementor-widget-heading\" data-id=\"4b4e5fb\" data-element_type=\"widget\" data-e-type=\"widget\" data-widget_type=\"heading.default\">\n\t\t\t\t\t<h2 class=\"elementor-heading-title elementor-size-default\">Humanmedizin und Zahnmedizin.<\/h2>\t\t\t\t<\/div>\n\t\t\t\t<div class=\"elementor-element elementor-element-35b343b elementor-widget elementor-widget-text-editor\" data-id=\"35b343b\" data-element_type=\"widget\" data-e-type=\"widget\" data-widget_type=\"text-editor.default\">\n\t\t\t\t\t\t\t\t\tWir arbeiten aktuell mit den Universit\u00e4ten in Pleven, Plovdiv, Sofia und Varna zusammen. \t\t\t\t\t\t\t\t<\/div>\n\t\t\t\t<div class=\"elementor-element elementor-element-e99f1db elementor-icon-list--layout-traditional elementor-list-item-link-full_width elementor-widget elementor-widget-icon-list\" data-id=\"e99f1db\" data-element_type=\"widget\" data-e-type=\"widget\" data-widget_type=\"icon-list.default\">\n\t\t\t\t\t\t\t<ul class=\"elementor-icon-list-items\">\n\t\t\t\t\t\t\t<li class=\"elementor-icon-list-item\">\n\t\t\t\t\t\t\t\t\t\t<span class=\"elementor-icon-list-text\">Informationen zum Medizinstudium in Pleven<\/span>\n\t\t\t\t\t\t\t\t\t<\/li>\n\t\t\t\t\t\t\t\t<li class=\"elementor-icon-list-item\">\n\t\t\t\t\t\t\t\t\t\t<span class=\"elementor-icon-list-text\">Informationen zum Medizinstudium in Plovdiv<\/span>\n\t\t\t\t\t\t\t\t\t<\/li>\n\t\t\t\t\t\t\t\t<li class=\"elementor-icon-list-item\">\n\t\t\t\t\t\t\t\t\t\t<span class=\"elementor-icon-list-text\">Informationen zum Medizinstudium in Sofia<\/span>\n\t\t\t\t\t\t\t\t\t<\/li>\n\t\t\t\t\t\t\t\t<li class=\"elementor-icon-list-item\">\n\t\t\t\t\t\t\t\t\t\t<span class=\"elementor-icon-list-text\">Informationen zum Medizinstudium in Varna<\/span>\n\t\t\t\t\t\t\t\t\t<\/li>\n\t\t\t\t\t\t<\/ul>\n\t\t\t\t\t\t<\/div>\n\t\t\t\t<div class=\"elementor-element elementor-element-0bbb72e elementor-widget elementor-widget-text-editor\" data-id=\"0bbb72e\" data-element_type=\"widget\" data-e-type=\"widget\" data-widget_type=\"text-editor.default\">\n\t\t\t\t\t\t\t\t\tEin Studium in Bulgarien verspricht hohe Bildungsqualit\u00e4t bei moderaten Lebenshaltungskosten und \u00fcberschaubaren Studiengeb\u00fchren. Wenn Sie keine Zeit f\u00fcr Wartesemester haben und schnell ins Berufsleben einsteigen m\u00f6chten, ist Bulgarien eine interessante Alternative. Auch f\u00fcr Wechselstudenten, etwa nach einer endg\u00fcltig nicht bestandenen Pr\u00fcfung in Deutschland, ist die Fortsetzung des Studiums in Bulgarien ein gangbarer und vor allem legaler Weg zum gew\u00fcnschten Abschluss. Die Universit\u00e4ten haben speziell f\u00fcr ein internationales Publikum Studieng\u00e4nge in englischer Sprache eingerichtet. Diese sind nicht kostenlos, doch durch den fr\u00fcheren Berufseinstieg sollte sich diese moderate Investition schnell auszahlen. Viele junge Menschen aus Deutschland, \u00d6sterreich und Gro\u00dfbritannien sind diesen Schritt bereits gegangen. Wann beginnen Sie damit, in Bulgarien Medizin zu studieren? \t\t\t\t\t\t\t\t<\/div>\n\t\t\t\t<div class=\"elementor-element elementor-element-b8ff344 elementor-widget elementor-widget-heading\" data-id=\"b8ff344\" data-element_type=\"widget\" data-e-type=\"widget\" data-widget_type=\"heading.default\">\n\t\t\t\t\t<h2 class=\"elementor-heading-title elementor-size-default\">Ein sinnstiftendes Studium \u2013 in jeder Beziehung!<\/h2>\t\t\t\t<\/div>\n\t\t\t\t<div class=\"elementor-element elementor-element-680dffa elementor-widget elementor-widget-text-editor\" data-id=\"680dffa\" data-element_type=\"widget\" data-e-type=\"widget\" data-widget_type=\"text-editor.default\">\n\t\t\t\t\t\t\t\t\tDas Medizinstudium bietet zahlreiche Vorteile, die weit \u00fcber den reinen Wissenserwerb hinausgehen. Einer der bedeutendsten Vorz\u00fcge ist die M\u00f6glichkeit, einen sinnstiftenden Beruf zu ergreifen. \u00c4rztinnen und \u00c4rzte leisten t\u00e4glich einen wertvollen Beitrag zur Gesundheit und Lebensqualit\u00e4t der Menschen, was f\u00fcr viele eine enorme pers\u00f6nliche Erf\u00fcllung bedeutet. Zudem er\u00f6ffnet das Studium vielf\u00e4ltige Karriereperspektiven: Von der Arbeit in Kliniken \u00fcber Forschung und Lehre bis hin zur T\u00e4tigkeit im Gesundheitsmanagement oder in internationalen Hilfsorganisationen \u2013 die beruflichen M\u00f6glichkeiten sind \u00e4u\u00dferst vielseitig. \t\t\t\t\t\t\t\t<\/div>\n\t\t\t\t<div class=\"elementor-element elementor-element-f8876f3 elementor-widget elementor-widget-text-editor\" data-id=\"f8876f3\" data-element_type=\"widget\" data-e-type=\"widget\" data-widget_type=\"text-editor.default\">\n\t\t\t\t\t\t\t\t\tAuch die Arbeitsplatzsicherheit ist ein wichtiger Pluspunkt, da der Bedarf an medizinischem Fachpersonal kontinuierlich hoch bleibt. Weiterhin f\u00f6rdert das Medizinstudium in Bulgarien (und nat\u00fcrlich nicht nur dort) wichtige pers\u00f6nliche Kompetenzen wie Empathie, Verantwortungsbewusstsein und Teamf\u00e4higkeit. Studierende entwickeln ein tiefes Verst\u00e4ndnis f\u00fcr komplexe biologische Zusammenh\u00e4nge und lernen, unter Stress fundierte Entscheidungen zu treffen. Durch den interdisziplin\u00e4ren Charakter des Medizinstudiums wird au\u00dferdem der kritische Umgang mit wissenschaftlichen Informationen geschult, was auch au\u00dferhalb der Medizin von gro\u00dfem Nutzen sein kann. Insgesamt bietet das Medizinstudium nicht nur eine fundierte akademische Ausbildung, sondern auch die Chance, langfristig einen positiven Einfluss auf die Gesellschaft auszu\u00fcben. \t\t\t\t\t\t\t\t<\/div>\n\t\t\t\t<div class=\"elementor-element elementor-element-0c9bc8d elementor-toc--minimized-on-tablet elementor-widget elementor-widget-table-of-contents\" data-id=\"0c9bc8d\" data-element_type=\"widget\" data-e-type=\"widget\" data-settings=\"{&quot;exclude_headings_by_selector&quot;:[],&quot;no_headings_message&quot;:&quot;No headings were found on this page.&quot;,&quot;headings_by_tags&quot;:[&quot;h2&quot;,&quot;h3&quot;,&quot;h4&quot;,&quot;h5&quot;,&quot;h6&quot;],&quot;marker_view&quot;:&quot;numbers&quot;,&quot;minimize_box&quot;:&quot;yes&quot;,&quot;minimized_on&quot;:&quot;tablet&quot;,&quot;hierarchical_view&quot;:&quot;yes&quot;,&quot;min_height&quot;:{&quot;unit&quot;:&quot;px&quot;,&quot;size&quot;:&quot;&quot;,&quot;sizes&quot;:[]},&quot;min_height_tablet&quot;:{&quot;unit&quot;:&quot;px&quot;,&quot;size&quot;:&quot;&quot;,&quot;sizes&quot;:[]},&quot;min_height_mobile&quot;:{&quot;unit&quot;:&quot;px&quot;,&quot;size&quot;:&quot;&quot;,&quot;sizes&quot;:[]}}\" data-widget_type=\"table-of-contents.default\">\n\t\t\t\t\t\t\t\t\t<div class=\"elementor-toc__header\">\n\t\t\t\t\t\t<h4 class=\"elementor-toc__header-title\">\n\t\t\t\tTable of Contents\t\t\t<\/h4>\n\t\t\t\t\t\t\t\t\t\t<div class=\"elementor-toc__toggle-button elementor-toc__toggle-button--expand\" role=\"button\" tabindex=\"0\" aria-controls=\"elementor-toc__0c9bc8d\" aria-expanded=\"true\" aria-label=\"Open table of contents\"><svg aria-hidden=\"true\" class=\"e-font-icon-svg e-fas-chevron-down\" viewBox=\"0 0 448 512\" xmlns=\"http:\/\/www.w3.org\/2000\/svg\"><path d=\"M207.029 381.476L12.686 187.132c-9.373-9.373-9.373-24.569 0-33.941l22.667-22.667c9.357-9.357 24.522-9.375 33.901-.04L224 284.505l154.745-154.021c9.379-9.335 24.544-9.317 33.901.04l22.667 22.667c9.373 9.373 9.373 24.569 0 33.941L240.971 381.476c-9.373 9.372-24.569 9.372-33.942 0z\"><\/path><\/svg><\/div>\n\t\t\t\t<div class=\"elementor-toc__toggle-button elementor-toc__toggle-button--collapse\" role=\"button\" tabindex=\"0\" aria-controls=\"elementor-toc__0c9bc8d\" aria-expanded=\"true\" aria-label=\"Close table of contents\"><svg aria-hidden=\"true\" class=\"e-font-icon-svg e-fas-chevron-up\" viewBox=\"0 0 448 512\" xmlns=\"http:\/\/www.w3.org\/2000\/svg\"><path d=\"M240.971 130.524l194.343 194.343c9.373 9.373 9.373 24.569 0 33.941l-22.667 22.667c-9.357 9.357-24.522 9.375-33.901.04L224 227.495 69.255 381.516c-9.379 9.335-24.544 9.317-33.901-.04l-22.667-22.667c-9.373-9.373-9.373-24.569 0-33.941L207.03 130.525c9.372-9.373 24.568-9.373 33.941-.001z\"><\/path><\/svg><\/div>\n\t\t\t\t\t<\/div>\n\t\t\t\t<div id=\"elementor-toc__0c9bc8d\" class=\"elementor-toc__body\">\n\t\t\t<div class=\"elementor-toc__spinner-container\">\n\t\t\t\t<svg class=\"elementor-toc__spinner eicon-animation-spin e-font-icon-svg e-eicon-loading\" aria-hidden=\"true\" viewBox=\"0 0 1000 1000\" xmlns=\"http:\/\/www.w3.org\/2000\/svg\"><path d=\"M500 975V858C696 858 858 696 858 500S696 142 500 142 142 304 142 500H25C25 237 238 25 500 25S975 237 975 500 763 975 500 975Z\"><\/path><\/svg>\t\t\t<\/div>\n\t\t<\/div>\n\t\t\t\t\t\t<\/div>\n\t\t\t\t<\/div>\n\t\t<div class=\"elementor-element elementor-element-3a0172f e-con-full e-flex e-con e-child\" data-id=\"3a0172f\" data-element_type=\"container\" data-e-type=\"container\">\n\t\t\t\t<\/div>\n\t\t\t\t\t<\/div>\n\t\t\t\t<\/div>\n\t\t\t\t<\/div>\n\t\t","protected":false},"excerpt":{"rendered":"<p>Medizinstudium in Bulgarien STUD2MED ist Ihr kompetenter Partner, wenn Sie sich f\u00fcr ein englischsprachiges Medizinstudium in Bulgarien interessieren. Der schnelle Weg in die spannende Welt der Medizin &#8211; und das ganz ohne NC oder Wartesemester. Wir beraten, managen den gesamten Bewerbungsablauf und unterst\u00fctzen Sie w\u00e4hrend Ihres Studiums &#8211; bis hin zum gew\u00fcnschten Abschluss oder Uniwechsel [&hellip;]<\/p>\n","protected":false},"author":1,"featured_media":0,"parent":0,"menu_order":0,"comment_status":"closed","ping_status":"closed","template":"elementor_header_footer","meta":{"footnotes":""},"class_list":["post-3","page","type-page","status-publish","hentry"],"_links":{"self":[{"href":"https:\/\/haadiproject.site\/project18\/wp-json\/wp\/v2\/pages\/3","targetHints":{"allow":["GET"]}}],"collection":[{"href":"https:\/\/haadiproject.site\/project18\/wp-json\/wp\/v2\/pages"}],"about":[{"href":"https:\/\/haadiproject.site\/project18\/wp-json\/wp\/v2\/types\/page"}],"author":[{"embeddable":true,"href":"https:\/\/haadiproject.site\/project18\/wp-json\/wp\/v2\/users\/1"}],"replies":[{"embeddable":true,"href":"https:\/\/haadiproject.site\/project18\/wp-json\/wp\/v2\/comments?post=3"}],"version-history":[{"count":25,"href":"https:\/\/haadiproject.site\/project18\/wp-json\/wp\/v2\/pages\/3\/revisions"}],"predecessor-version":[{"id":479,"href":"https:\/\/haadiproject.site\/project18\/wp-json\/wp\/v2\/pages\/3\/revisions\/479"}],"wp:attachment":[{"href":"https:\/\/haadiproject.site\/project18\/wp-json\/wp\/v2\/media?parent=3"}],"curies":[{"name":"wp","href":"https:\/\/api.w.org\/{rel}","templated":true}]}}